{"id":126,"date":"2021-06-30T08:23:15","date_gmt":"2021-06-30T08:23:15","guid":{"rendered":"https:\/\/www.ankailaclama.com.tr\/zonguldak-bocek-ilaclama-ev-ve-is-yeri-ilaclama-bartin-karabuk-devrek-caycuma-eregli-gokcebey-kilimli-kozlu-bocek-hasere-bahce-zirai-ilaclama\/?page_id=126"},"modified":"2022-05-23T15:33:56","modified_gmt":"2022-05-23T12:33:56","slug":"dezenfeksiyon","status":"publish","type":"page","link":"https:\/\/ankailaclama.com.tr\/zonguldak-anka-ilaclama\/dezenfeksiyon\/","title":{"rendered":"Dezenfeksiyon"},"content":{"rendered":"\r\n<p><img loading=\"lazy\" decoding=\"async\" class=\"size-medium wp-image-3649 alignleft\" src=\"https:\/\/ankailaclama.com.tr\/zonguldak-anka-ilaclama\/wp-content\/uploads\/2022\/05\/cropped-COVID19-Disinfection-300x300.jpg\" alt=\"\" width=\"300\" height=\"300\" srcset=\"https:\/\/ankailaclama.com.tr\/zonguldak-anka-ilaclama\/wp-content\/uploads\/2022\/05\/cropped-COVID19-Disinfection-300x300.jpg 300w, https:\/\/ankailaclama.com.tr\/zonguldak-anka-ilaclama\/wp-content\/uploads\/2022\/05\/cropped-COVID19-Disinfection-1024x1024.jpg 1024w, https:\/\/ankailaclama.com.tr\/zonguldak-anka-ilaclama\/wp-content\/uploads\/2022\/05\/cropped-COVID19-Disinfection-150x150.jpg 150w, https:\/\/ankailaclama.com.tr\/zonguldak-anka-ilaclama\/wp-content\/uploads\/2022\/05\/cropped-COVID19-Disinfection-768x768.jpg 768w, https:\/\/ankailaclama.com.tr\/zonguldak-anka-ilaclama\/wp-content\/uploads\/2022\/05\/cropped-COVID19-Disinfection-1536x1536.jpg 1536w, https:\/\/ankailaclama.com.tr\/zonguldak-anka-ilaclama\/wp-content\/uploads\/2022\/05\/cropped-COVID19-Disinfection.jpg 1667w\" sizes=\"auto, (max-width: 300px) 100vw, 300px\" \/><\/p>\r\n<p class=\"has-text-align-left\"><strong><em>Dezenfeksiyon Hizmet Alanlar\u0131: <\/em><\/strong><br \/>Dezenfeksiyon hizmeti hem bakteri, hem de mikrop bulunmamas\u0131 gereken laboratuvar ortam gibi yerlere uygulanan bir i\u015flem oldu\u011fu gibi <strong>ev, ofis, otomobil ve otel dezenfeksiyonu<\/strong> gibi insanlar\u0131n ya\u015fam\u0131n\u0131 devam ettirdi\u011fi her t\u00fcrl\u00fc mekana uygulanmaktad\u0131r. \u0130\u00e7erisinde uzun s\u00fcre kal\u0131nan ortamlardaki mikroplar\u0131n insanlar\u0131 bula\u015farak sa\u011fl\u0131\u011f\u0131 tehdit etmesi riskinden ka\u00e7\u0131nmak i\u00e7in \u00f6zellikle<strong> Ev Dezenfeksiyonu ve Ofis Dezenfeksiyonu<\/strong> hizmeti insanlar\u0131n en fazla tercih etti\u011fi hizmetlerdir. Bunun yan\u0131nda toplu ula\u015f\u0131m\u0131n s\u0131k kullan\u0131ld\u0131\u011f\u0131 b\u00f6lgelerde ara\u00e7larda insanlar\u0131n elleri ile temas ettikleri yerlerdeki mikroplar\u0131n yok edilmesi amac\u0131yla <strong>Ula\u015f\u0131m Dezenfeksiyonu<\/strong> da bir hayli \u00f6nem arz etmektedir.<\/p>\r\n\r\n\r\n\r\n<p><strong><em>Dezenfeksiyon Yap\u0131l\u0131rken Kullan\u0131lan Malzemeler<\/em><\/strong><\/p>\r\n\r\n\r\n\r\n<p>Dezenfeksiyon hizmeti veren bir\u00e7ok Dezenfektan Firmas\u0131 bu i\u015fi profesyonel bir \u015fekilde yapmak yerine \u00fcst\u00fcnk\u00f6r\u00fc hizmet verdi\u011fi i\u00e7in dezenfeksiyon i\u015flemi tam ba\u015far\u0131 sa\u011flamayabilimektedir. Dezenfeksiyon i\u015flemi s\u0131ras\u0131nda ya\u015fanan t\u00fcm canl\u0131 bakteri ve mikroplar\u0131 yok etme \u00f6zelli\u011fine sahip maddeler kullan\u0131lmaktad\u0131r. \u0130\u00e7erisinde toksik bar\u0131nd\u0131rmayan Bu maddelerin kullan\u0131lmas\u0131 ile birlikte bir yandan mikroorganizmalar yok edilmekte, di\u011fer yandan dezenfeksiyon i\u015flemi uygulanan b\u00f6lgedeki insanlar\u0131n zarar g\u00f6rmemesi sa\u011flanmaktad\u0131r. Bunun yan\u0131nda kullan\u0131lan malzemeler ev ya da ofis ortam\u0131nda ki e\u015fyalar\u0131n zarar vermeyecek \u00f6zelliklere sahiptir. Bu sebeple i\u00e7iniz G\u00fcvendi bir \u015fekilde dezenfeksiyon hizmeti alabilirsiniz.<\/p>\r\n\r\n\r\n\r\n<p><strong><em>Dezenfeksiyon Hizmetinde Yap\u0131lan \u0130\u015flemler<\/em><\/strong><\/p>\r\n\r\n\r\n\r\n<p>Ev ve ofis dezenfeksiyonu hizmeti s\u0131ras\u0131nda profesyonel ekibimiz ilk olarak dezenfektan hizmeti verilecek b\u00f6lgeyi gezerek yeterli malzeme planlamas\u0131 yapar. Sonras\u0131nda dezenfektan hizmeti verilecek b\u00f6lge ila\u00e7l\u0131 bir \u015fekilde i\u015fleme tabi tutulur. Daha \u00e7ok el ile temas edilen yerler mikroplardan ar\u0131nd\u0131r\u0131lacak \u015fekilde temizlenir. Alan\u0131nda uzun y\u0131llardan bu yana tecr\u00fcbe sahibi olan TEM\u0130ZL\u0130K profesyonel ekipleri sizlerin sa\u011fl\u0131\u011f\u0131n\u0131 \u00f6n planda tutacak \u015fekilde \u00f6zenerek evinizin mikroplar\u0131n yuvalanabilece\u011fi tarzdaki en tehlikeli yerlerini temizlemektedir.<\/p>\r\n","protected":false},"excerpt":{"rendered":"<p>Dezenfeksiyon Hizmet Alanlar\u0131: Dezenfeksiyon hizmeti hem bakteri, hem de mikrop bulunmamas\u0131 gereken laboratuvar ortam gibi yerlere uygulanan bir i\u015flem oldu\u011fu gibi ev, ofis, otomobil ve otel dezenfeksiyonu gibi insanlar\u0131n ya\u015fam\u0131n\u0131 devam ettirdi\u011fi her t\u00fcrl\u00fc mekana uygulanmaktad\u0131r. \u0130\u00e7erisinde uzun s\u00fcre kal\u0131nan ortamlardaki mikroplar\u0131n insanlar\u0131 bula\u015farak sa\u011fl\u0131\u011f\u0131 tehdit etmesi riskinden ka\u00e7\u0131nmak i\u00e7in \u00f6zellikle Ev Dezenfeksiyonu ve Ofis [&hellip;]<\/p>\n","protected":false},"author":1,"featured_media":0,"parent":0,"menu_order":0,"comment_status":"closed","ping_status":"closed","template":"","meta":{"footnotes":""},"class_list":["post-126","page","type-page","status-publish","hentry"],"_links":{"self":[{"href":"https:\/\/ankailaclama.com.tr\/zonguldak-anka-ilaclama\/wp-json\/wp\/v2\/pages\/126","targetHints":{"allow":["GET"]}}],"collection":[{"href":"https:\/\/ankailaclama.com.tr\/zonguldak-anka-ilaclama\/wp-json\/wp\/v2\/pages"}],"about":[{"href":"https:\/\/ankailaclama.com.tr\/zonguldak-anka-ilaclama\/wp-json\/wp\/v2\/types\/page"}],"author":[{"embeddable":true,"href":"https:\/\/ankailaclama.com.tr\/zonguldak-anka-ilaclama\/wp-json\/wp\/v2\/users\/1"}],"replies":[{"embeddable":true,"href":"https:\/\/ankailaclama.com.tr\/zonguldak-anka-ilaclama\/wp-json\/wp\/v2\/comments?post=126"}],"version-history":[{"count":4,"href":"https:\/\/ankailaclama.com.tr\/zonguldak-anka-ilaclama\/wp-json\/wp\/v2\/pages\/126\/revisions"}],"predecessor-version":[{"id":3651,"href":"https:\/\/ankailaclama.com.tr\/zonguldak-anka-ilaclama\/wp-json\/wp\/v2\/pages\/126\/revisions\/3651"}],"wp:attachment":[{"href":"https:\/\/ankailaclama.com.tr\/zonguldak-anka-ilaclama\/wp-json\/wp\/v2\/media?parent=126"}],"curies":[{"name":"wp","href":"https:\/\/api.w.org\/{rel}","templated":true}]}}