{"id":128,"date":"2021-06-30T08:28:43","date_gmt":"2021-06-30T08:28:43","guid":{"rendered":"https:\/\/www.ankailaclama.com.tr\/zonguldak-bocek-ilaclama-ev-ve-is-yeri-ilaclama-bartin-karabuk-devrek-caycuma-eregli-gokcebey-kilimli-kozlu-bocek-hasere-bahce-zirai-ilaclama\/?page_id=128"},"modified":"2022-05-23T16:48:04","modified_gmt":"2022-05-23T13:48:04","slug":"fumigasyon","status":"publish","type":"page","link":"https:\/\/ankailaclama.com.tr\/zonguldak-anka-ilaclama\/fumigasyon\/","title":{"rendered":"Fumigasyon"},"content":{"rendered":"\r\n<p style=\"text-align: justify;\"><em><strong><img loading=\"lazy\" decoding=\"async\" class=\"size-medium wp-image-3652 alignleft\" src=\"https:\/\/ankailaclama.com.tr\/zonguldak-anka-ilaclama\/wp-content\/uploads\/2022\/05\/fumigation-services.png-300x169.webp\" alt=\"\" width=\"300\" height=\"169\" srcset=\"https:\/\/ankailaclama.com.tr\/zonguldak-anka-ilaclama\/wp-content\/uploads\/2022\/05\/fumigation-services.png-300x169.webp 300w, https:\/\/ankailaclama.com.tr\/zonguldak-anka-ilaclama\/wp-content\/uploads\/2022\/05\/fumigation-services.png.webp 700w\" sizes=\"auto, (max-width: 300px) 100vw, 300px\" \/>Fumigasyon Nedir?<\/strong><\/em><\/p>\r\n\r\n\r\n\r\n<p style=\"text-align: justify;\">Fumigasyon, kapal\u0131 bir alan\u0131n i\u00e7indeki ha\u015fereleri bo\u011fmak veya zehirlemek i\u00e7in gazl\u0131 b\u00f6cek ilac\u0131 veya bir alan\u0131 tamamen dolduran bir a\u015fere kontrol y\u00f6ntemidir. Binalardaki (yap\u0131sal f\u00fcmigasyon), toprak tah\u0131l ve zirai \u00fcr\u00fcnlerdeki zararl\u0131lar\u0131 kontrol etmek i\u00e7in kullan\u0131l\u0131r. Ayr\u0131ca egzotik organize transferini \u00f6nlemek i\u00e7in ithal veya ihra\u00e7 edilecek \u00fcr\u00fcnlerin i\u015flenmesi s\u0131ras\u0131nda da kullan\u0131lmaktad\u0131r. Bu y\u00f6ntem ayn\u0131 zamanda yap\u0131n\u0131n kendisini de etkiler. Ah\u015fap \u00fcreticileri ad\u0131na da kullan\u0131lmaktad\u0131r. Kuru odun termitleri gibi fiziksel yap\u0131ya zarar veren ha\u015fereleri ve zararl\u0131 b\u00f6cekleri engeller ve etkiler.<\/p>\r\n<p>&nbsp;<\/p>\r\n\r\n\r\n\r\n<p style=\"text-align: justify;\"><strong><em>Fumigasyon \u0130\u015flemi Nas\u0131l Yap\u0131l\u0131r? <\/em><\/strong><br \/>F\u00fcmigasyon genellikle \u015fu a\u015famalar i\u00e7erir; \u0130lk olarak f\u00fcmigasyon i\u00e7in ama\u00e7lanan alan kapal\u0131 bir ortam olu\u015fturmak i\u00e7in tamamen kaplan\u0131r. Sonra fumigant, fumigasyon yap\u0131lacak alana b\u0131rak\u0131l\u0131r.<\/p>\r\n\r\n\r\n\r\n<p style=\"text-align: justify;\"><strong><em>Fumigasyon G\u00fcvenli\u011fi <\/em><\/strong><br \/>F\u00fcmigasyon tehlikeli bir i\u015flemdir. Genel olarak, f\u00fcmigasyon i\u015flemini yapan operat\u00f6r\u00fcn, f\u00fcmiyasyonu ger\u00e7ekle\u015ftirmek i\u00e7in resmi sertifikaya sahip olmas\u0131 yasal bir zorunluluktur. \u00c7\u00fcnk\u00fc kullan\u0131lan kimyasallar insanlar dahil \u00e7o\u011fu ya\u015fam formuna toksiktir. Kesinlikle bir \u00e7ok b\u00f6cek ila\u00e7lamas\u0131 yapan firmalar\u0131n yapabilece\u011fi bir i\u015flem de\u011fildir. Uygulama sonras\u0131 alan\u0131n havaland\u0131r\u0131lmas\u0131 f\u00fcmigasyonun kritik bir g\u00fcvenlik y\u00f6n\u00fcd\u00fcr. F\u00fcmigant gaz\u0131&#8217;n\u0131n paketi veya kayna\u011f\u0131 ile f\u00fcmigasyon yap\u0131lan ortam\u0131 ay\u0131rt etmek \u00f6nemlidir. F\u00fcmigant paketi g\u00fcvenli ve kullan\u0131lm\u0131\u015f olsa da tehlikelidir. f\u00fcmigant gaz\u0131n\u0131 hala salmaya devam edebilir. <br \/>F\u00fcmigasyon sonras\u0131 a\u015fama, f\u00fcmigasyon b\u00f6lgesinin insanlar i\u00e7in g\u00fcvenli olup olmad\u0131\u011f\u0131n\u0131 belirlenmesi gerekti\u011fi i\u00e7in kritiktir.<\/p>\r\n\r\n\r\n\r\n<p style=\"text-align: justify;\">F\u00fcmigasyon \u00e7ad\u0131rlar\u0131n\u0131n s\u00f6k\u00fclmesinden ve evin havaland\u0131r\u0131lmas\u0131ndan sonra f\u00fcmigantin da\u011f\u0131lma seviyesini test etmek i\u00e7in bir bo\u015fluk cihaz\u0131 kullan\u0131l\u0131r. G\u00fcmr\u00fckleme cihazlar\u0131, f\u00fcmigantlar\u0131n toksisite da\u011f\u0131l\u0131m seviyelerini \u00f6l\u00e7mek i\u00e7in kalibre edilmi\u015f elektronik cihazlard\u0131r, Alan yaln\u0131zca ha\u015fere kontrol teknisyenleri taraf\u0131ndan g\u00fcvenli olarak onayland\u0131ktan sonra girilmesi g\u00fcvenli olarak de\u011ferlendirilmelidir.<\/p>\r\n","protected":false},"excerpt":{"rendered":"<p>Fumigasyon Nedir? Fumigasyon, kapal\u0131 bir alan\u0131n i\u00e7indeki ha\u015fereleri bo\u011fmak veya zehirlemek i\u00e7in gazl\u0131 b\u00f6cek ilac\u0131 veya bir alan\u0131 tamamen dolduran bir a\u015fere kontrol y\u00f6ntemidir. Binalardaki (yap\u0131sal f\u00fcmigasyon), toprak tah\u0131l ve zirai \u00fcr\u00fcnlerdeki zararl\u0131lar\u0131 kontrol etmek i\u00e7in kullan\u0131l\u0131r. Ayr\u0131ca egzotik organize transferini \u00f6nlemek i\u00e7in ithal veya ihra\u00e7 edilecek \u00fcr\u00fcnlerin i\u015flenmesi s\u0131ras\u0131nda da kullan\u0131lmaktad\u0131r. Bu y\u00f6ntem ayn\u0131 [&hellip;]<\/p>\n","protected":false},"author":1,"featured_media":0,"parent":0,"menu_order":0,"comment_status":"closed","ping_status":"closed","template":"","meta":{"footnotes":""},"class_list":["post-128","page","type-page","status-publish","hentry"],"_links":{"self":[{"href":"https:\/\/ankailaclama.com.tr\/zonguldak-anka-ilaclama\/wp-json\/wp\/v2\/pages\/128","targetHints":{"allow":["GET"]}}],"collection":[{"href":"https:\/\/ankailaclama.com.tr\/zonguldak-anka-ilaclama\/wp-json\/wp\/v2\/pages"}],"about":[{"href":"https:\/\/ankailaclama.com.tr\/zonguldak-anka-ilaclama\/wp-json\/wp\/v2\/types\/page"}],"author":[{"embeddable":true,"href":"https:\/\/ankailaclama.com.tr\/zonguldak-anka-ilaclama\/wp-json\/wp\/v2\/users\/1"}],"replies":[{"embeddable":true,"href":"https:\/\/ankailaclama.com.tr\/zonguldak-anka-ilaclama\/wp-json\/wp\/v2\/comments?post=128"}],"version-history":[{"count":2,"href":"https:\/\/ankailaclama.com.tr\/zonguldak-anka-ilaclama\/wp-json\/wp\/v2\/pages\/128\/revisions"}],"predecessor-version":[{"id":3685,"href":"https:\/\/ankailaclama.com.tr\/zonguldak-anka-ilaclama\/wp-json\/wp\/v2\/pages\/128\/revisions\/3685"}],"wp:attachment":[{"href":"https:\/\/ankailaclama.com.tr\/zonguldak-anka-ilaclama\/wp-json\/wp\/v2\/media?parent=128"}],"curies":[{"name":"wp","href":"https:\/\/api.w.org\/{rel}","templated":true}]}}