{"id":75,"date":"2019-06-06T11:52:18","date_gmt":"2019-06-06T11:52:18","guid":{"rendered":"https:\/\/www.ankailaclama.com.tr\/zonguldak-bocek-ilaclama-ev-ve-is-yeri-ilaclama-bartin-karabuk-devrek-caycuma-eregli-gokcebey-kilimli-kozlu-bocek-hasere-bahce-zirai-ilaclama\/?page_id=75"},"modified":"2019-06-06T11:52:18","modified_gmt":"2019-06-06T11:52:18","slug":"referanslarimiz","status":"publish","type":"page","link":"https:\/\/ankailaclama.com.tr\/zonguldak-anka-ilaclama\/referanslarimiz\/","title":{"rendered":"Referanslar\u0131m\u0131z"},"content":{"rendered":"\n<div class=\"wp-block-columns is-layout-flex wp-container-core-columns-is-layout-9d6595d7 wp-block-columns-is-layout-flex\">\n<div class=\"wp-block-column is-vertically-aligned-center is-layout-flow wp-block-column-is-layout-flow\" style=\"flex-basis: 100%;\">\n<ul class=\"wp-block-list\">\n<li>Esas 67 Burda AVM<\/li>\n<li>\u00dcniYurt<\/li>\n<li>Eren Enerji \u2013 Zetes I \u2013 II \u2013 III<\/li>\n<li>Atat\u00fcrk Devlet Hastanesi<\/li>\n<li>Atat\u00fcrk Devlet Hastanesi \u2013 (Site) (Ek Bina)<\/li>\n<li>Amelebirli\u011fi Hastanesi<\/li>\n<li>G\u00f6k\u00e7ebey Devlet Hastanesi<\/li>\n<li>Devrek Devlet Hastanesi<\/li>\n<li>\u00c7aycuma Devlet Hastanesi<\/li>\n<li>Kozlu Semt Poliklini\u011fi<\/li>\n<li>Kilimli Semt Poliklini\u011fi<\/li>\n<li>Kad\u0131n Do\u011fum ve \u00c7ocuk Hastanesi<\/li>\n<li>A\u011f\u0131z ve Di\u015f Sa\u011fl\u0131\u011f\u0131 Hastanesi<\/li>\n<li>Ere\u011fli A\u011f\u0131z ve Di\u015f Sa\u011fl\u0131\u011f\u0131 Hastanesi<\/li>\n<li>Alapl\u0131 Devlet Hastanesi<\/li>\n<li>A-101 Bat\u0131 Karadeniz B\u00f6lgesi Deposu<\/li>\n<li>Ere\u011fli Devlet Hastanesi<\/li>\n<li>\u015eenpili\u00e7 Zonguldak B\u00f6lge Bayii<\/li>\n<li>Elba G\u0131da Pasta ve Pastane Malzemeleri<\/li>\n<li>Nazar D\u00fcr\u00fcm<\/li>\n<li>Zonguldak Kantinciler Odas\u0131na Ba\u011fl\u0131 MEB T\u00fcm Okullar\u0131n Kantinleri<\/li>\n<li>ASF Yap\u0131<\/li>\n<li>67 \u0130nci B\u00f6rek<\/li>\n<li>\u00c7i\u00e7ek Pastanesi<\/li>\n<li>Ar\u0131 Pastaneleri ve \u015eubeleri<\/li>\n<li>\u00d6zel Level Hastanesi<\/li>\n<li>B\u00fclent Ecevit \u00dcniversitesi Kamp\u00fcs ve \u00c7evre \u0130la\u00e7lamas\u0131 Hizmetleri<\/li>\n<li>B\u00fclent Ecevit \u00dcniversitesi ve\u00a0Farabi Kamp\u00fcs\u00fc Yemekhaneleri<\/li>\n<li>Ak\u00e7ay Cafe<\/li>\n<li>\u00c7etinler \u00c7ay Bah\u00e7esi<\/li>\n<li>Biyer Cafe<\/li>\n<li>B\u0130SPA G\u0131da (Algida)<\/li>\n<li>\u0130stanbul K\u0131r Pidesi (Kozlu ve \u00a0Kilimli \u015eubeleri)<\/li>\n<li>\u00c7ayl\u0131 Kurabiye Fabrikas\u0131<\/li>\n<li>B Tipi Restourant &amp; Cafe<\/li>\n<li>\u00c7aycuma \u2013 Per\u015fembe \u2013 Karap\u0131nar Cinci Karde\u015fler Ekmek F\u0131r\u0131nlar\u0131<\/li>\n<li>Okyanus Cafe &amp; Bar<\/li>\n<li>TED Koleji ve Yemekhaneleri \u0130la\u00e7lama ve Pest Control<\/li>\n<li>Bayrak Ecza Deposu<\/li>\n<li>Merkez Polis Evi M\u00fcd\u00fcrl\u00fc\u011f\u00fc<\/li>\n<li>Yurtkur B\u00f6lge M\u00fcd\u00fcrl\u00fc\u011f\u00fc Yemekhane Mutfa\u011f\u0131<\/li>\n<li>Orduevi M\u00fcd\u00fcrl\u00fc\u011f\u00fc<\/li>\n<li>Kad\u0131n Konuk \u00a0Evi M\u00fcd\u00fcrl\u00fc\u011f\u00fc<\/li>\n<li>Eren Enerji Yemekhaneleri \u2013 (Repa\u015f G\u0131da)<\/li>\n<li>SGK Binas\u0131 ve Yemekhanesi<\/li>\n<li>H\u00fck\u00fcmet Binas\u0131 Yemekhanesi<\/li>\n<li>Turgut Zavagar K\u0131z \u00d6\u011frenci Yurdu<\/li>\n<li>G\u00fcne\u015f Kollektif<\/li>\n<li>Hasg\u00fclay G\u0131da<\/li>\n<li>Yazdo\u011fan G\u0131da Ltd. \u015eti.<\/li>\n<li>\u0130l Emniyet M\u00fcd\u00fcrl\u00fc\u011f\u00fc<\/li>\n<li>Papila Unlu Mam\u00fclleri<\/li>\n<li>Banet Tavuk\u00e7uluk<\/li>\n<li>Nesli\u015fah Pide ve Kebap Salonu<\/li>\n<li>Moda Cafe<\/li>\n<li>Siyah \u0130nci Restaurant<\/li>\n<li>Sel\u00e7uk K\u00f6ftecisi<\/li>\n<li>\u00c7orbac\u0131m<\/li>\n<li>\u00d6nc\u00fc D\u00f6ner<\/li>\n<li>\u015eile K\u0131z Yurtlar\u0131<\/li>\n<li>\u00d6zt\u00fcrk Pide \u2013 Kebap Salonu<\/li>\n<li>ve daha nice akl\u0131m\u0131za gelmeyen onlarca firma bizimle \u00e7al\u0131\u015fmay\u0131 tercih etmektedir. Yukar\u0131da isimleri ge\u00e7en \/ ge\u00e7meyen ANKA \u0130LA\u00c7LAMA Sertifikas\u0131 g\u00f6rd\u00fc\u011f\u00fcn\u00fcz k\u00fc\u00e7\u00fck b\u00fcy\u00fck firmalar da buraya yazmay\u0131 unuttu\u011fumuz referanslar\u0131m\u0131z aras\u0131ndad\u0131r.<\/li>\n<\/ul>\n\n\n\n<figure class=\"wp-block-gallery columns-2 is-cropped wp-block-gallery-1 is-layout-flex wp-block-gallery-is-layout-flex\"><\/figure>\n<\/div>\n<\/div>\n","protected":false},"excerpt":{"rendered":"<p>Esas 67 Burda AVM \u00dcniYurt Eren Enerji \u2013 Zetes I \u2013 II \u2013 III Atat\u00fcrk Devlet Hastanesi Atat\u00fcrk Devlet Hastanesi \u2013 (Site) (Ek Bina) Amelebirli\u011fi Hastanesi G\u00f6k\u00e7ebey Devlet Hastanesi Devrek Devlet Hastanesi \u00c7aycuma Devlet Hastanesi Kozlu Semt Poliklini\u011fi Kilimli Semt Poliklini\u011fi Kad\u0131n Do\u011fum ve \u00c7ocuk Hastanesi A\u011f\u0131z ve Di\u015f Sa\u011fl\u0131\u011f\u0131 Hastanesi Ere\u011fli A\u011f\u0131z ve Di\u015f [&hellip;]<\/p>\n","protected":false},"author":1,"featured_media":0,"parent":0,"menu_order":0,"comment_status":"closed","ping_status":"closed","template":"","meta":{"footnotes":""},"class_list":["post-75","page","type-page","status-publish","hentry"],"_links":{"self":[{"href":"https:\/\/ankailaclama.com.tr\/zonguldak-anka-ilaclama\/wp-json\/wp\/v2\/pages\/75","targetHints":{"allow":["GET"]}}],"collection":[{"href":"https:\/\/ankailaclama.com.tr\/zonguldak-anka-ilaclama\/wp-json\/wp\/v2\/pages"}],"about":[{"href":"https:\/\/ankailaclama.com.tr\/zonguldak-anka-ilaclama\/wp-json\/wp\/v2\/types\/page"}],"author":[{"embeddable":true,"href":"https:\/\/ankailaclama.com.tr\/zonguldak-anka-ilaclama\/wp-json\/wp\/v2\/users\/1"}],"replies":[{"embeddable":true,"href":"https:\/\/ankailaclama.com.tr\/zonguldak-anka-ilaclama\/wp-json\/wp\/v2\/comments?post=75"}],"version-history":[{"count":0,"href":"https:\/\/ankailaclama.com.tr\/zonguldak-anka-ilaclama\/wp-json\/wp\/v2\/pages\/75\/revisions"}],"wp:attachment":[{"href":"https:\/\/ankailaclama.com.tr\/zonguldak-anka-ilaclama\/wp-json\/wp\/v2\/media?parent=75"}],"curies":[{"name":"wp","href":"https:\/\/api.w.org\/{rel}","templated":true}]}}