{"id":77,"date":"2019-06-06T11:53:18","date_gmt":"2019-06-06T11:53:18","guid":{"rendered":"https:\/\/www.ankailaclama.com.tr\/zonguldak-bocek-ilaclama-ev-ve-is-yeri-ilaclama-bartin-karabuk-devrek-caycuma-eregli-gokcebey-kilimli-kozlu-bocek-hasere-bahce-zirai-ilaclama\/?page_id=77"},"modified":"2019-06-06T11:53:18","modified_gmt":"2019-06-06T11:53:18","slug":"ev-ve-is-yeri-ilaclama","status":"publish","type":"page","link":"https:\/\/ankailaclama.com.tr\/zonguldak-anka-ilaclama\/ev-ve-is-yeri-ilaclama\/","title":{"rendered":"Ev ve \u0130\u015f Yeri \u0130la\u00e7lama"},"content":{"rendered":"\n<h1 class=\"wp-block-heading\">Zonguldak&#8217;\u0131n En \u00c7ok Referans\u0131 ve Memnuniyet Oran\u0131 En Y\u00fcksek Olan \u0130lk ve Rakipsiz Ev ve \u0130\u015fyeri \u0130la\u00e7lama Firmas\u0131y\u0131z !<\/h1>\n\n\n\n<p><strong>Zonguldak\u2019ta B\u00f6cek ila\u00e7lama<\/strong>&nbsp;konusunda hizmet veren fiyatlar\u0131 d\u00fc\u015f\u00fck fakat i\u015fin ehli olmayan onlarca firma bulmak elbetteki m\u00fcmk\u00fcn. Bunlar\u0131n y\u00fczde 80 ieski usul uygulama y\u00f6ntemlerini se\u00e7erken geri kalan k\u0131sm\u0131n\u0131n Sa\u011fl\u0131k Bakanl\u0131\u011f\u0131n\u0131n g\u00fcncel olarak izin verdi\u011fi y\u00f6ntemleri, yine Sa\u011fl\u0131k Bakanl\u0131\u011f\u0131\u2019n\u0131n izin verdi\u011fi insektisit ve kimyasallarla uygulad\u0131klar\u0131n\u0131 g\u00f6rmek olduk\u00e7a sevindirici. Eski usul DDT ve DDVP i\u00e7eren insektisitlerin kullan\u0131lmas\u0131 asl\u0131nda san\u0131ld\u0131\u011f\u0131 gibi b\u00f6cekleri yok eden bir y\u00f6ntem de\u011fil. \u00d6zellikle kar\u0131nca, akrep ve hamam b\u00f6ce\u011fi cinsleri i\u00e7in yap\u0131lan uygulamalarda \u00f6nemli olan\u0131n ve g\u00f6z \u00f6n\u00fcnde ilk bulundurulmas\u0131 gerekenin b\u00f6cekleri imha etmek de\u011fil pop\u00fclasyonlar\u0131n\u0131 bitirmek \u2013 kurutmak oldu\u011funu bilmek gerekmektedir.<\/p>\n\n\n\n<p><strong>Ev ila\u00e7lama i\u00e7in jel , insanlar i\u00e7in zarars\u0131z, en k\u00f6kten ve kesin \u00e7\u00f6z\u00fcmd\u00fcr<\/strong><\/p>\n\n\n\n<p>Jel ila\u00e7lama y\u00f6ntemi hamam b\u00f6cekleri i\u00e7in en etkili ve en kesin y\u00f6ntemdir. Fakat kullan\u0131lan jel insektisitin marka ve modelinin iyi olmas\u0131 \u00e7ok \u00f6nemlidir. Konuyla ilgili detayl\u0131 bilgi i\u00e7in ofisimizi aray\u0131n\u0131z.<\/p>\n\n\n\n<p><strong>B\u00f6ceklerin ev i\u00e7indeki Pop\u00fclasyonlar\u0131n\u0131 kurutmal\u0131<\/strong><\/p>\n\n\n\n<p>Evet \u00f6nemli olan yumurta ve larvalar\u0131 da bitirmek.Hamam b\u00f6ce\u011fi ila\u00e7lamas\u0131nda larvalar\u0131 da g\u00f6z \u00f6n\u00fcnde bulundurmuyosan\u0131z ve bir ka\u00e7 g\u00fcn sonra b\u00f6ce\u011fe d\u00f6n\u00fc\u015fecek larvalar\u0131 hedef alm\u0131yorsan\u0131z, uygulaman\u0131z\u0131 yar\u0131m yapt\u0131r\u0131yorsunuz demektir. Bu hem bo\u015fa zaman ve emek hem de maddi kay\u0131pt\u0131r.<\/p>\n\n\n\n<p><strong>Ev ila\u00e7lamalar\u0131nda do\u011fru y\u00f6ntem nedir ?<\/strong><\/p>\n\n\n\n<p>Do\u011fru y\u00f6ntem evin durumuna, b\u00f6ce\u011fin cinsine g\u00f6re de\u011fi\u015fiklik g\u00f6sterir. \u00d6zellikle hamam b\u00f6cekleri , kalorifer b\u00f6cekleri, oryantal ve alman hamam b\u00f6cekleri i\u00e7in kullan\u0131lan kokusuz s\u0131v\u0131 ve jel formunda insektisitleri kullanmak hem insan sa\u011fl\u0131\u011f\u0131 a\u00e7\u0131s\u0131ndan \u00f6nemlidir hem de b\u00f6ceklerim sonunu getirmek ve uygulaman\u0131n amac\u0131na ula\u015fmas\u0131 a\u00e7\u0131s\u0131ndan olduk\u00e7a ehemmiyetlidir.<\/p>\n\n\n\n<p><strong>Kokusuz b\u00f6cek ila\u00e7lar\u0131 b\u00f6ce\u011fi bitirir mi ?<\/strong><\/p>\n\n\n\n<p>Biz bununla ilgili kar\u0131nca ila\u00e7lama,&nbsp;<strong>ev ila\u00e7lama,<\/strong>&nbsp;hamam b\u00f6ce\u011fi ila\u00e7lamalar\u0131nda 1 y\u0131ll\u0131k garanti veriyoruz. Evet kokusuz ila\u00e7lar -ama her marka ve model de\u011fil- eski usul kokulu insektisitlere g\u00f6re \u00e7ok \u00e7ok daha etkilidir.<\/p>\n\n\n\n<p><strong>\u0130\u015eYER\u0130 \/ KURUMSAL \u0130LA\u00c7LAMA HAKKINDA DETAYLI B\u0130LG\u0130 :&nbsp;<\/strong><\/p>\n\n\n\n<p>\u0130\u015fyerlerimiz ya\u015fam\u0131m\u0131z\u0131n b\u00fcy\u00fck bir b\u00f6l\u00fcm\u00fcn\u00fc beklide evimizden daha fazla zaman ge\u00e7irdi\u011fimiz alanlard\u0131r. Do\u011fal olarak bu kadar fazla zaman ge\u00e7irdi\u011fimiz i\u015f yerlerimizde etraf\u0131m\u0131zda ha\u015ferelerin bulunmas\u0131n\u0131 istemeyiz.&nbsp;\u00c7al\u0131\u015fma alanlar\u0131m\u0131z\u0131n m\u00fcmk\u00fcn oldu\u011funca hijyenik olmas\u0131 sa\u011fl\u0131\u011f\u0131m\u0131z a\u00e7\u0131s\u0131ndan b\u00fcy\u00fck \u00f6neme sahiptir.&nbsp;<strong>\u0130\u015fyeri ila\u00e7lama<\/strong>&nbsp;yap\u0131l\u0131rken uygulaman\u0131n profesyonel olarak yap\u0131lmas\u0131 gerekli olup, \u00f6n fizibilite \u00e7al\u0131\u015fmalar\u0131 yap\u0131ld\u0131ktan sonra uygulamaya ba\u015flanmas\u0131 gerekmektedir.<\/p>\n\n\n\n<p>Bir i\u015fveren olarak firman\u0131za&nbsp;<strong>i\u015fyeri ila\u00e7lama<\/strong>&nbsp;yapt\u0131rmaya karar verdi\u011finiz anda b\u00fcy\u00fck bir sorumluluk alt\u0131na girmi\u015f olacaks\u0131n\u0131z. &nbsp;\u00c7\u00fcnk\u00fc ila\u00e7lama esnas\u0131nda ya da sonras\u0131nda var olacak t\u00fcm problemlerden sadece siz de\u011fil t\u00fcm \u00e7al\u0131\u015fanlar\u0131n\u0131zda etkilenecektir. Profesyonel olarak yap\u0131lmayan uygulamalar ve de hatal\u0131 ila\u00e7 kullan\u0131mlar\u0131 insan sa\u011fl\u0131\u011f\u0131 a\u00e7\u0131s\u0131ndan telafisi olmayan zararlar verebilmektedir. \u00d6zellikle korsan olarak ifade edilen ruhsats\u0131z firmalar taraf\u0131ndan kullan\u0131lan kimyasallar, genellikle tar\u0131m ilac\u0131 olup yap\u0131lar\u0131nda var olan kansorojen maddeler uygulama yap\u0131lan alan \u00fczerinde tortu ve de kal\u0131nt\u0131 b\u0131rakmaktad\u0131r. Bunun neticesinde bu firmalar\u0131n vermi\u015f oldu\u011fu zararlar sadece ila\u00e7lama an\u0131 ile s\u0131n\u0131rl\u0131 kalmamakta etkisini uzun s\u00fcre devam ettirmektedir.<\/p>\n\n\n\n<p>Ha\u015fere ve kemirgenler i\u015f yerlerimiz de ki sa\u011fl\u0131k ko\u015fullar\u0131n\u0131z\u0131 olumsuz y\u00f6nde etkilemekle beraber, \u00e7al\u0131\u015fanlar\u0131ndan alm\u0131\u015f oldu\u011funuz verimde d\u00fc\u015f\u00fc\u015f olmakta bununla beraber \u00e7ok \u00e7e\u015fitli \u00f6l\u00e7\u00fclerde maddi kay\u0131plara da sebebiyet vermektedirler.<\/p>\n\n\n\n<p><em><strong>\u0130\u015fyeri ila\u00e7lama<\/strong><\/em>&nbsp;yapt\u0131rmadan \u00f6nce \u00f6n ke\u015fif personeli talep edebilirsiniz. \u0130\u015fletmenizde yap\u0131lan \u00f6n ke\u015fif s\u0131ras\u0131nda yap\u0131lan raporlama ile, soruna kar\u015f\u0131 yap\u0131lacak olan uygulamalar\u0131 an be an takip etme \u015fans\u0131na sahip olabilirsiniz.<br>Kendi ve \u00e7al\u0131\u015fanlar\u0131n\u0131z\u0131n sa\u011fl\u0131\u011f\u0131n\u0131 riske atmamak ve kal\u0131c\u0131 garantili \u00e7\u00f6z\u00fcmlere en ekonomik ko\u015fullarda ula\u015fmak i\u00e7in sizleri de \u00c7are ila\u00e7lama firmas\u0131 ile \u00e7al\u0131\u015fmaya davet ediyoruz.<\/p>\n\n\n\n<p>Unutmay\u0131n \u00f6zellikle kemirgen sorunlar\u0131n\u0131z da yap\u0131lan hatal\u0131 ila\u00e7 se\u00e7imleri, bu zararlar\u0131n sizler taraf\u0131ndan g\u00f6r\u00fclemeyen ve de ula\u015f\u0131lamayan alanlarda \u00f6lmelerine sebebiyet vermekte bunun neticesinde alan\u0131n\u0131z \u00fczerinde olduk\u00e7a maliyetli olan tadilat sorunlar\u0131 ile kar\u015f\u0131 kar\u015f\u0131ya kal\u0131nmaktad\u0131r.<\/p>\n\n\n\n<p><strong>\u0130\u015fyeri ila\u00e7lama<\/strong>&nbsp;sorunlar\u0131n\u0131z ve ke\u015fif olanaklar\u0131m\u0131z hakk\u0131nda ayr\u0131nt\u0131l\u0131 bilgi almak i\u00e7in dan\u0131\u015fma hatt\u0131m\u0131z\u0131 arayabilir \u00fccretsiz \u00f6n ke\u015fif talep edebilirsiniz. konusunda uzman olan ke\u015fif personellerimiz sizlerin ha\u015feresiz ve kemirgensiz steril bir \u00e7al\u0131\u015fma ortam\u0131na sahip olabilmeniz i\u00e7in gerekli olan t\u00fcm tedbirleri \u00f6nceden tespit ederek riskler olu\u015fmadan \u00f6nlem alman\u0131z sa\u011flanmakta, b\u00f6ylece \u00e7al\u0131\u015fanlar\u0131n\u0131z ve m\u00fc\u015fterileriniz istenmeyen g\u00f6r\u00fcnt\u00fcler ile asla kar\u015f\u0131la\u015fmamaktad\u0131r.<\/p>\n\n\n\n<p>Firmam\u0131z huzurlu \u00e7al\u0131\u015fma ortamlar\u0131n\u0131 sa\u011flaman\u0131n yan\u0131 s\u0131ra sosyal sorumluluklar\u0131n\u0131n daima bilincinde olup \u00e7evre ve insan sa\u011fl\u0131\u011f\u0131na vermi\u015f oldu\u011fu \u00f6nem ile de kendi sekt\u00f6r\u00fcnde daima \u00f6nc\u00fcl\u00fck etmeye devam etmektedir.<\/p>\n\n\n\n<p><strong>B\u00f6cek ila\u00e7lama<\/strong>&nbsp;yaz aylar\u0131nda konutlarda yo\u011fun b\u00f6cek hareketlili\u011finin ya\u015fand\u0131\u011f\u0131 d\u00f6nemlerde hemen her insan\u0131n yard\u0131ma ihtiya\u00e7 duydu\u011fu bir servis hizmetidir. Akademik e\u011fitim bilgisine sahip&nbsp;<strong>ila\u00e7lama \u015firketleri<\/strong>&nbsp;i\u015f yerleri ve ev ila\u00e7lama talepleri do\u011frultusunda profesyonel b\u00f6cek ila\u00e7lamas\u0131 yaparak halk sa\u011fl\u0131\u011f\u0131 alan\u0131nda t\u00fcm b\u00f6cek t\u00fcrleri i\u00e7in&nbsp;etkili<strong>&nbsp;ila\u00e7lama<\/strong>&nbsp;hizmeti sunarak b\u00f6ceklerin neden oldu\u011fu sorunlar ve sa\u011fl\u0131k i\u00e7in tehdit olu\u015fturan t\u00fcm d\u0131\u015f etkenlerden sizi korumak ad\u0131na&nbsp;<strong>ila\u00e7lama servisi<\/strong>&nbsp;vermektedir. anka ila\u00e7lama firmas\u0131 olarak t\u00fcm ha\u015fere sorunlar\u0131n\u0131za e\u011fitimli kadromuz ve y\u00fcksek ha\u015fere kontrol\u00fc sa\u011flayan ila\u00e7lama uygulamalar\u0131m\u0131zla sizleri b\u00f6ceklerden koruyarak mekanlar\u0131 b\u00f6ceklerden ar\u0131nd\u0131r\u0131yoruz.<\/p>\n\n\n\n<p><strong>B\u00f6cek t\u00fcr\u00fcne \u00f6zel ila\u00e7lama!<\/strong><\/p>\n\n\n\n<figure class=\"wp-block-image\"><img decoding=\"async\" src=\"http:\/\/web.archive.org\/web\/20161102194347im_\/http:\/\/www.atlas-muhendislik.com\/wp-content\/uploads\/kokuli-ilaclama.jpg\" alt=\"ila\u00e7lama \u015fekilleri\"\/><\/figure>\n\n\n\n<p><strong>Ha\u015fere t\u00fcrleri&nbsp;<\/strong>\u00e7e\u015fitli sebeplerle do\u011fal alanlar\u0131ndan bina ve daire i\u00e7lerine girerek hem sa\u011fl\u0131k a\u00e7\u0131s\u0131ndan hemde hijyen bak\u0131m\u0131ndan son derece istenmeyen g\u00f6r\u00fcnt\u00fclere neden olurlar.&nbsp;<strong>B\u00f6cekler<\/strong>&nbsp;i\u00e7inde kimi t\u00fcrler vard\u0131r ki hem ta\u015f\u0131d\u0131klar\u0131 zehir hemde ha\u015fere ila\u00e7lar\u0131na kar\u015f\u0131 g\u00f6sterdikleri diren\u00e7 bak\u0131m\u0131ndan y\u00fcksek kalitede b\u00f6cek ila\u00e7lar\u0131 kullanmay\u0131 zorunlu k\u0131larlar. Y\u00fcr\u00fcyen ve u\u00e7an&nbsp;<strong>ha\u015fere&nbsp;ila\u00e7lama<\/strong>&nbsp;i\u00e7in uzun s\u00fcre test edip geli\u015ftirdi\u011fimiz halk sa\u011fl\u0131\u011f\u0131 a\u00e7\u0131s\u0131ndan g\u00fcvenilir \u00f6zelliklerde ha\u015fere ila\u00e7lar\u0131 ile t\u00fcm b\u00f6cek \u00e7e\u015fitleri i\u00e7in tam ha\u015fere kontrol\u00fc sa\u011flayan ila\u00e7lama y\u00f6ntemleri ve uygulama teknikleri ile sizlerin adeta kabusunuz haline gelen&nbsp; ha\u015fere&nbsp;sorunlar\u0131n\u0131 kal\u0131c\u0131&nbsp;\u015fekilde \u00e7\u00f6zerek sa\u011fl\u0131kl\u0131 b\u00f6cek ila\u00e7lamas\u0131 yap\u0131yoruz.<\/p>\n","protected":false},"excerpt":{"rendered":"<p>Zonguldak&#8217;\u0131n En \u00c7ok Referans\u0131 ve Memnuniyet Oran\u0131 En Y\u00fcksek Olan \u0130lk ve Rakipsiz Ev ve \u0130\u015fyeri \u0130la\u00e7lama Firmas\u0131y\u0131z ! Zonguldak\u2019ta B\u00f6cek ila\u00e7lama&nbsp;konusunda hizmet veren fiyatlar\u0131 d\u00fc\u015f\u00fck fakat i\u015fin ehli olmayan onlarca firma bulmak elbetteki m\u00fcmk\u00fcn. Bunlar\u0131n y\u00fczde 80 ieski usul uygulama y\u00f6ntemlerini se\u00e7erken geri kalan k\u0131sm\u0131n\u0131n Sa\u011fl\u0131k Bakanl\u0131\u011f\u0131n\u0131n g\u00fcncel olarak izin verdi\u011fi y\u00f6ntemleri, yine Sa\u011fl\u0131k [&hellip;]<\/p>\n","protected":false},"author":1,"featured_media":0,"parent":0,"menu_order":0,"comment_status":"closed","ping_status":"closed","template":"","meta":{"footnotes":""},"class_list":["post-77","page","type-page","status-publish","hentry"],"_links":{"self":[{"href":"https:\/\/ankailaclama.com.tr\/zonguldak-anka-ilaclama\/wp-json\/wp\/v2\/pages\/77","targetHints":{"allow":["GET"]}}],"collection":[{"href":"https:\/\/ankailaclama.com.tr\/zonguldak-anka-ilaclama\/wp-json\/wp\/v2\/pages"}],"about":[{"href":"https:\/\/ankailaclama.com.tr\/zonguldak-anka-ilaclama\/wp-json\/wp\/v2\/types\/page"}],"author":[{"embeddable":true,"href":"https:\/\/ankailaclama.com.tr\/zonguldak-anka-ilaclama\/wp-json\/wp\/v2\/users\/1"}],"replies":[{"embeddable":true,"href":"https:\/\/ankailaclama.com.tr\/zonguldak-anka-ilaclama\/wp-json\/wp\/v2\/comments?post=77"}],"version-history":[{"count":0,"href":"https:\/\/ankailaclama.com.tr\/zonguldak-anka-ilaclama\/wp-json\/wp\/v2\/pages\/77\/revisions"}],"wp:attachment":[{"href":"https:\/\/ankailaclama.com.tr\/zonguldak-anka-ilaclama\/wp-json\/wp\/v2\/media?parent=77"}],"curies":[{"name":"wp","href":"https:\/\/api.w.org\/{rel}","templated":true}]}}