{"id":80,"date":"2019-06-06T11:59:51","date_gmt":"2019-06-06T11:59:51","guid":{"rendered":"https:\/\/www.ankailaclama.com.tr\/zonguldak-bocek-ilaclama-ev-ve-is-yeri-ilaclama-bartin-karabuk-devrek-caycuma-eregli-gokcebey-kilimli-kozlu-bocek-hasere-bahce-zirai-ilaclama\/?page_id=80"},"modified":"2019-06-06T11:59:51","modified_gmt":"2019-06-06T11:59:51","slug":"iletisim","status":"publish","type":"page","link":"https:\/\/ankailaclama.com.tr\/zonguldak-anka-ilaclama\/iletisim\/","title":{"rendered":"\u0130leti\u015fim"},"content":{"rendered":"\n<figure class=\"wp-block-gallery columns-1 is-cropped wp-block-gallery-1 is-layout-flex wp-block-gallery-is-layout-flex\">\n<figure><\/figure>\n<\/figure>\n\n\n\n<p><span style=\"font-size: 14pt;\"><strong>Zonguldak Anka\u00a0\u0130la\u00e7lama &amp; Zonguldak Anka Temizlik<\/strong><\/span><\/p>\n\n\n\n<p>Mithatpa\u015fa Mah. B\u00fclent Ecevit Caddesi No: 213\/A &#8211; 213\/1 \u00a0\u00a0<\/p>\n<p>(Aile ve Sosyal Politikalar M\u00fcd\u00fcrl\u00fc\u011f\u00fc Kar\u015f\u0131s\u0131)<\/p>\n<p>Merkez \/ ZONGULDAK<\/p>\n\n\n\n<p>0541 280 00 67 \u2013\u00a00507 066 42 20 &#8211; 0507 610 59 47<\/p>\n\n\n\n<h1 class=\"wp-block-heading\"><span style=\"font-size: 14pt;\">Sabit Telefon ve Faks Numaram\u0131z :<br \/><\/span>0850 304 67 06\u00a0<br \/><iframe loading=\"lazy\" style=\"border: 0;\" src=\"https:\/\/www.google.com\/maps\/embed?pb=!1m18!1m12!1m3!1d2990.4608947660136!2d31.788420951205076!3d41.45091797915664!2m3!1f0!2f0!3f0!3m2!1i1024!2i768!4f13.1!3m3!1m2!1s0x409c7de54655c535%3A0xc65429faef42dbcc!2sANKA%20%C4%B0la%C3%A7lama%20-%20ZONGULDAK!5e0!3m2!1str!2str!4v1652682689637!5m2!1str!2str\" width=\"750\" height=\"550\" allowfullscreen=\"allowfullscreen\"><\/iframe><\/h1>","protected":false},"excerpt":{"rendered":"<p>Zonguldak Anka\u00a0\u0130la\u00e7lama &amp; Zonguldak Anka Temizlik Mithatpa\u015fa Mah. B\u00fclent Ecevit Caddesi No: 213\/A &#8211; 213\/1 \u00a0\u00a0 (Aile ve Sosyal Politikalar M\u00fcd\u00fcrl\u00fc\u011f\u00fc Kar\u015f\u0131s\u0131) Merkez \/ ZONGULDAK 0541 280 00 67 \u2013\u00a00507 066 42 20 &#8211; 0507 610 59 47 Sabit Telefon ve Faks Numaram\u0131z :0850 304 67 06\u00a0<\/p>\n","protected":false},"author":1,"featured_media":0,"parent":0,"menu_order":0,"comment_status":"closed","ping_status":"closed","template":"","meta":{"footnotes":""},"class_list":["post-80","page","type-page","status-publish","hentry"],"_links":{"self":[{"href":"https:\/\/ankailaclama.com.tr\/zonguldak-anka-ilaclama\/wp-json\/wp\/v2\/pages\/80","targetHints":{"allow":["GET"]}}],"collection":[{"href":"https:\/\/ankailaclama.com.tr\/zonguldak-anka-ilaclama\/wp-json\/wp\/v2\/pages"}],"about":[{"href":"https:\/\/ankailaclama.com.tr\/zonguldak-anka-ilaclama\/wp-json\/wp\/v2\/types\/page"}],"author":[{"embeddable":true,"href":"https:\/\/ankailaclama.com.tr\/zonguldak-anka-ilaclama\/wp-json\/wp\/v2\/users\/1"}],"replies":[{"embeddable":true,"href":"https:\/\/ankailaclama.com.tr\/zonguldak-anka-ilaclama\/wp-json\/wp\/v2\/comments?post=80"}],"version-history":[{"count":0,"href":"https:\/\/ankailaclama.com.tr\/zonguldak-anka-ilaclama\/wp-json\/wp\/v2\/pages\/80\/revisions"}],"wp:attachment":[{"href":"https:\/\/ankailaclama.com.tr\/zonguldak-anka-ilaclama\/wp-json\/wp\/v2\/media?parent=80"}],"curies":[{"name":"wp","href":"https:\/\/api.w.org\/{rel}","templated":true}]}}